{"id":3,"date":"2024-10-27T00:16:11","date_gmt":"2024-10-27T00:16:11","guid":{"rendered":"https:\/\/climatiseur-mobiles.com\/?page_id=3"},"modified":"2024-10-29T23:13:42","modified_gmt":"2024-10-29T23:13:42","slug":"cgu","status":"publish","type":"page","link":"https:\/\/climatiseur-mobiles.com\/?page_id=3","title":{"rendered":"CGU"},"content":{"rendered":"\t\t<div data-elementor-type=\"wp-page\" data-elementor-id=\"3\" class=\"elementor elementor-3\">\n\t\t\t\t<div class=\"elementor-element elementor-element-5e7689bd e-flex e-con-boxed e-con e-parent\" data-id=\"5e7689bd\" data-element_type=\"container\" data-e-type=\"container\">\n\t\t\t\t\t<div class=\"e-con-inner\">\n\t\t\t\t<div class=\"elementor-element elementor-element-5dd96d2c elementor-widget elementor-widget-text-editor\" data-id=\"5dd96d2c\" data-element_type=\"widget\" data-e-type=\"widget\" data-widget_type=\"text-editor.default\">\n\t\t\t\t<div class=\"elementor-widget-container\">\n\t\t\t\t\t\t\t\t\t<p><\/p>\n<h2 class=\"wp-block-heading\">Conditions G\u00e9n\u00e9rales d&rsquo;Utilisation (CGU)<\/h2>\n<p><strong>Derni\u00e8re mise \u00e0 jour : 30\/10\/2024<\/strong><\/p>\n<p><strong>\u00a0<\/strong><\/p>\n<p><strong>Bienvenue sur <strong>climatiseur-mobiles.com<\/strong>, un site de recommandations et de comparatifs de produits. En utilisant notre site, vous acceptez les pr\u00e9sentes Conditions G\u00e9n\u00e9rales d&rsquo;Utilisation (CGU). Veuillez les lire attentivement avant de poursuivre votre navigation.<\/strong><\/p>\n<p><strong>\u00a0<\/strong><\/p>\n<h2>1. Objet du Site<\/h2>\n<p>Le site <strong>climatiseur-mobiles.com<\/strong> est un site d&rsquo;affiliation, destin\u00e9 \u00e0 fournir des informations et des recommandations sur diff\u00e9rents produits, notamment des climatiseurs mobiles. Les liens pr\u00e9sents sur notre site vous redirigent vers le site Amazon.fr, o\u00f9 vous pouvez acheter les produits recommand\u00e9s.<\/p>\n<p>\u00a0<\/p>\n<h2>2. Partenariat avec Amazon<\/h2>\n<p><strong>climatiseur-mobiles.com<\/strong> participe au Programme Partenaires d&rsquo;Amazon EU, un programme d&rsquo;affiliation con\u00e7u pour permettre \u00e0 des sites de percevoir une r\u00e9mun\u00e9ration gr\u00e2ce \u00e0 la cr\u00e9ation de liens vers Amazon.fr. Les produits disponibles \u00e0 l&rsquo;achat ne sont pas vendus par <strong>climatiseur-mobiles.com<\/strong> mais par Amazon et ses partenaires.<\/p>\n<p><strong>\u00a0<\/strong><\/p>\n<h2>3. Utilisation des Liens Affili\u00e9s<\/h2>\n<p>En cliquant sur les liens affili\u00e9s pr\u00e9sents sur <strong>climatiseur-mobiles.com<\/strong> et en effectuant des achats sur Amazon, vous contribuez \u00e0 soutenir notre site. Nous percevons une commission pour chaque achat effectu\u00e9 via nos liens affili\u00e9s, sans co\u00fbt suppl\u00e9mentaire pour vous.<\/p>\n<p>\u00a0<\/p>\n<h2>4. Responsabilit\u00e9<\/h2>\n<p>Nous nous effor\u00e7ons de fournir des informations exactes et \u00e0 jour sur les produits recommand\u00e9s, mais <strong>climatiseur-mobiles.com<\/strong> ne peut \u00eatre tenu responsable de toute erreur, inexactitude ou omission dans les descriptions des produits. De plus, en tant qu\u2019affili\u00e9, nous ne sommes pas responsables de la disponibilit\u00e9, de la qualit\u00e9, ou du prix des produits vendus sur Amazon. Pour toute question ou r\u00e9clamation relative aux produits, veuillez vous adresser directement au service client d&rsquo;Amazon.<\/p>\n<p>\u00a0<\/p>\n<h2>5. Politique de Confidentialit\u00e9<\/h2>\n<p>En utilisant notre site, vous acceptez notre politique de confidentialit\u00e9, qui explique comment nous collectons et utilisons vos donn\u00e9es personnelles. Nous utilisons des cookies pour am\u00e9liorer votre exp\u00e9rience de navigation et pour le suivi de notre programme d\u2019affiliation. Pour plus de d\u00e9tails, consultez notre [Politique de Confidentialit\u00e9].<\/p>\n<p>\u00a0<\/p>\n<h2>6. Limitation de Responsabilit\u00e9<\/h2>\n<p><strong>climatiseur-mobiles.com<\/strong> ne peut \u00eatre tenu responsable des dommages directs ou indirects r\u00e9sultant de l\u2019utilisation de notre site ou des liens affili\u00e9s. En cas de litige, vous acceptez que la juridiction applicable soit celle du pays dans lequel est \u00e9tabli le propri\u00e9taire du site.<\/p>\n<p>\u00a0<\/p>\n<h2>7. Modification des CGU<\/h2>\n<p><strong>climatiseur-mobiles.com<\/strong> se r\u00e9serve le droit de modifier ces Conditions G\u00e9n\u00e9rales d&rsquo;Utilisation \u00e0 tout moment. Les modifications prendront effet d\u00e8s leur publication sur cette page. Nous vous encourageons \u00e0 consulter r\u00e9guli\u00e8rement les CGU pour rester inform\u00e9 des \u00e9ventuels changements.<\/p>\n<p>\u00a0<\/p>\n<h2>8. Contact<\/h2>\n<p>Pour toute question concernant ces CGU ou l\u2019utilisation de notre site, vous pouvez nous contacter \u00e0 <strong><a rel=\"noopener\">contact@climatiseur-mobiles.com<\/a><\/strong>.<\/p>\n<p><\/p>\t\t\t\t\t\t\t\t<\/div>\n\t\t\t\t<\/div>\n\t\t\t\t\t<\/div>\n\t\t\t\t<\/div>\n\t\t\t\t<\/div>\n\t\t","protected":false},"excerpt":{"rendered":"<p>Conditions G\u00e9n\u00e9rales d&rsquo;Utilisation (CGU) Derni\u00e8re mise \u00e0 jour : 30\/10\/2024 \u00a0 Bienvenue sur climatiseur-mobiles.com, un site de recommandations et de comparatifs de produits. En utilisant notre site, vous acceptez les pr\u00e9sentes Conditions G\u00e9n\u00e9rales d&rsquo;Utilisation (CGU). Veuillez les lire attentivement avant de poursuivre votre navigation. \u00a0 1. Objet du Site Le site climatiseur-mobiles.com est un site [&hellip;]<\/p>\n","protected":false},"author":1,"featured_media":0,"parent":0,"menu_order":0,"comment_status":"closed","ping_status":"closed","template":"","meta":{"_surecart_dashboard_logo_width":"180px","_surecart_dashboard_show_logo":true,"_surecart_dashboard_navigation_orders":true,"_surecart_dashboard_navigation_invoices":true,"_surecart_dashboard_navigation_subscriptions":true,"_surecart_dashboard_navigation_downloads":true,"_surecart_dashboard_navigation_billing":true,"_surecart_dashboard_navigation_account":true,"footnotes":""},"class_list":["post-3","page","type-page","status-publish","hentry"],"yoast_head":"<!-- This site is optimized with the Yoast SEO plugin v27.4 - https:\/\/yoast.com\/product\/yoast-seo-wordpress\/ -->\n<title>CGU -<\/title>\n<meta name=\"robots\" content=\"index, follow, max-snippet:-1, max-image-preview:large, max-video-preview:-1\" \/>\n<link rel=\"canonical\" href=\"https:\/\/climatiseur-mobiles.com\/?page_id=3\" \/>\n<meta property=\"og:locale\" content=\"fr_FR\" \/>\n<meta property=\"og:type\" content=\"article\" \/>\n<meta property=\"og:title\" content=\"CGU -\" \/>\n<meta property=\"og:description\" content=\"Conditions G\u00e9n\u00e9rales d&rsquo;Utilisation (CGU) Derni\u00e8re mise \u00e0 jour : 30\/10\/2024 \u00a0 Bienvenue sur climatiseur-mobiles.com, un site de recommandations et de comparatifs de produits. En utilisant notre site, vous acceptez les pr\u00e9sentes Conditions G\u00e9n\u00e9rales d&rsquo;Utilisation (CGU). Veuillez les lire attentivement avant de poursuivre votre navigation. \u00a0 1. Objet du Site Le site climatiseur-mobiles.com est un site [&hellip;]\" \/>\n<meta property=\"og:url\" content=\"https:\/\/climatiseur-mobiles.com\/?page_id=3\" \/>\n<meta property=\"article:modified_time\" content=\"2024-10-29T23:13:42+00:00\" \/>\n<meta name=\"twitter:card\" content=\"summary_large_image\" \/>\n<meta name=\"twitter:label1\" content=\"Dur\u00e9e de lecture estim\u00e9e\" \/>\n\t<meta name=\"twitter:data1\" content=\"2 minutes\" \/>\n<script type=\"application\/ld+json\" class=\"yoast-schema-graph\">{\"@context\":\"https:\\\/\\\/schema.org\",\"@graph\":[{\"@type\":\"WebPage\",\"@id\":\"https:\\\/\\\/climatiseur-mobiles.com\\\/?page_id=3\",\"url\":\"https:\\\/\\\/climatiseur-mobiles.com\\\/?page_id=3\",\"name\":\"CGU -\",\"isPartOf\":{\"@id\":\"https:\\\/\\\/climatiseur-mobiles.com\\\/#website\"},\"datePublished\":\"2024-10-27T00:16:11+00:00\",\"dateModified\":\"2024-10-29T23:13:42+00:00\",\"breadcrumb\":{\"@id\":\"https:\\\/\\\/climatiseur-mobiles.com\\\/?page_id=3#breadcrumb\"},\"inLanguage\":\"fr-FR\",\"potentialAction\":[{\"@type\":\"ReadAction\",\"target\":[\"https:\\\/\\\/climatiseur-mobiles.com\\\/?page_id=3\"]}]},{\"@type\":\"BreadcrumbList\",\"@id\":\"https:\\\/\\\/climatiseur-mobiles.com\\\/?page_id=3#breadcrumb\",\"itemListElement\":[{\"@type\":\"ListItem\",\"position\":1,\"name\":\"Accueil\",\"item\":\"https:\\\/\\\/climatiseur-mobiles.com\\\/\"},{\"@type\":\"ListItem\",\"position\":2,\"name\":\"CGU\"}]},{\"@type\":\"WebSite\",\"@id\":\"https:\\\/\\\/climatiseur-mobiles.com\\\/#website\",\"url\":\"https:\\\/\\\/climatiseur-mobiles.com\\\/\",\"name\":\"\",\"description\":\"Just another Astra Starter Templates site\",\"potentialAction\":[{\"@type\":\"SearchAction\",\"target\":{\"@type\":\"EntryPoint\",\"urlTemplate\":\"https:\\\/\\\/climatiseur-mobiles.com\\\/?s={search_term_string}\"},\"query-input\":{\"@type\":\"PropertyValueSpecification\",\"valueRequired\":true,\"valueName\":\"search_term_string\"}}],\"inLanguage\":\"fr-FR\"}]}<\/script>\n<!-- \/ Yoast SEO plugin. -->","yoast_head_json":{"title":"CGU -","robots":{"index":"index","follow":"follow","max-snippet":"max-snippet:-1","max-image-preview":"max-image-preview:large","max-video-preview":"max-video-preview:-1"},"canonical":"https:\/\/climatiseur-mobiles.com\/?page_id=3","og_locale":"fr_FR","og_type":"article","og_title":"CGU -","og_description":"Conditions G\u00e9n\u00e9rales d&rsquo;Utilisation (CGU) Derni\u00e8re mise \u00e0 jour : 30\/10\/2024 \u00a0 Bienvenue sur climatiseur-mobiles.com, un site de recommandations et de comparatifs de produits. En utilisant notre site, vous acceptez les pr\u00e9sentes Conditions G\u00e9n\u00e9rales d&rsquo;Utilisation (CGU). Veuillez les lire attentivement avant de poursuivre votre navigation. \u00a0 1. Objet du Site Le site climatiseur-mobiles.com est un site [&hellip;]","og_url":"https:\/\/climatiseur-mobiles.com\/?page_id=3","article_modified_time":"2024-10-29T23:13:42+00:00","twitter_card":"summary_large_image","twitter_misc":{"Dur\u00e9e de lecture estim\u00e9e":"2 minutes"},"schema":{"@context":"https:\/\/schema.org","@graph":[{"@type":"WebPage","@id":"https:\/\/climatiseur-mobiles.com\/?page_id=3","url":"https:\/\/climatiseur-mobiles.com\/?page_id=3","name":"CGU -","isPartOf":{"@id":"https:\/\/climatiseur-mobiles.com\/#website"},"datePublished":"2024-10-27T00:16:11+00:00","dateModified":"2024-10-29T23:13:42+00:00","breadcrumb":{"@id":"https:\/\/climatiseur-mobiles.com\/?page_id=3#breadcrumb"},"inLanguage":"fr-FR","potentialAction":[{"@type":"ReadAction","target":["https:\/\/climatiseur-mobiles.com\/?page_id=3"]}]},{"@type":"BreadcrumbList","@id":"https:\/\/climatiseur-mobiles.com\/?page_id=3#breadcrumb","itemListElement":[{"@type":"ListItem","position":1,"name":"Accueil","item":"https:\/\/climatiseur-mobiles.com\/"},{"@type":"ListItem","position":2,"name":"CGU"}]},{"@type":"WebSite","@id":"https:\/\/climatiseur-mobiles.com\/#website","url":"https:\/\/climatiseur-mobiles.com\/","name":"","description":"Just another Astra Starter Templates site","potentialAction":[{"@type":"SearchAction","target":{"@type":"EntryPoint","urlTemplate":"https:\/\/climatiseur-mobiles.com\/?s={search_term_string}"},"query-input":{"@type":"PropertyValueSpecification","valueRequired":true,"valueName":"search_term_string"}}],"inLanguage":"fr-FR"}]}},"jetpack_sharing_enabled":true,"_links":{"self":[{"href":"https:\/\/climatiseur-mobiles.com\/index.php?rest_route=\/wp\/v2\/pages\/3","targetHints":{"allow":["GET"]}}],"collection":[{"href":"https:\/\/climatiseur-mobiles.com\/index.php?rest_route=\/wp\/v2\/pages"}],"about":[{"href":"https:\/\/climatiseur-mobiles.com\/index.php?rest_route=\/wp\/v2\/types\/page"}],"author":[{"embeddable":true,"href":"https:\/\/climatiseur-mobiles.com\/index.php?rest_route=\/wp\/v2\/users\/1"}],"replies":[{"embeddable":true,"href":"https:\/\/climatiseur-mobiles.com\/index.php?rest_route=%2Fwp%2Fv2%2Fcomments&post=3"}],"version-history":[{"count":5,"href":"https:\/\/climatiseur-mobiles.com\/index.php?rest_route=\/wp\/v2\/pages\/3\/revisions"}],"predecessor-version":[{"id":1974,"href":"https:\/\/climatiseur-mobiles.com\/index.php?rest_route=\/wp\/v2\/pages\/3\/revisions\/1974"}],"wp:attachment":[{"href":"https:\/\/climatiseur-mobiles.com\/index.php?rest_route=%2Fwp%2Fv2%2Fmedia&parent=3"}],"curies":[{"name":"wp","href":"https:\/\/api.w.org\/{rel}","templated":true}]}}